{"id":19,"date":"2024-01-30T16:01:16","date_gmt":"2024-01-30T15:01:16","guid":{"rendered":"http:\/\/xn--soire-en-amoureux-etb.com\/?page_id=19"},"modified":"2024-02-01T14:50:07","modified_gmt":"2024-02-01T13:50:07","slug":"lonyx","status":"publish","type":"page","link":"https:\/\/xn--soire-en-amoureux-etb.com\/index.php\/lonyx\/","title":{"rendered":"L&rsquo;Onyx"},"content":{"rendered":"\n<p>    L&rsquo;Onyx est un Lodge de 80m\u00b2 d&rsquo;int\u00e9rieur et d&rsquo;une terrasse am\u00e9nag\u00e9e de 30m\u00b2. Succombez \u00e0 la tentation et \u00e0 vos d\u00e9sirs charnels avec son style moderne et totalement v\u00eatu de noir qui vous fera voyager dans un autre univers&#8230;<\/p>\n\n\n\n<p>    Entre spa, douche \u00e0 l&rsquo;italienne, jeux sensuels et croix de St-Andr\u00e9 ce Lodge est fait pour assouvir vos d\u00e9sirs inavou\u00e9s.<\/p>\n\n\n\n<p>    Son coin bar compos\u00e9 de la cave \u00e0 vins et de son bar \u00e0 bi\u00e8res sera satisfaire les amateurs, tout comme les novices. <em>La Carte des Nectars<\/em> avec ses conseils personnalis\u00e9s vous aidera \u00e0 faire votre choix&#8230;<\/p>\n\n\n\n<p>   Sa cuisine \u00e9quip\u00e9e vous permettra de vous concocter de bons petits plats, ou bien de juste r\u00e9chauffer un plat qui vous sera livr\u00e9 gr\u00e2ce \u00e0 <em>La Carte du Chef<\/em> ! Vous y trouverez: r\u00e9frig\u00e9rateur, lave vaisselle, \u00e9vier, four, micro-ondes, grille pain, bouilloire, une cafeti\u00e8re Dolce Gusto, tous les ustensiles et la vaisselle dont vous pourriez avoir besoin. <\/p>\n\n\n\n<p>    Son immense chambre (ou salle de jeux) munie d&rsquo;un lit King-size et \u00e0 la d\u00e9coration so hot vous fera vivre une nuit m\u00e9morable. Ses miroirs au plafond et ses jeux de lumi\u00e8res rouges, vous emm\u00e8neront au pays de la luxure. L\u00e2chez vous, et essayez notre fauteuil tantra, notre croix de St-Andr\u00e9, notre balan\u00e7oire, ou notre gamme compl\u00e8te de sextoys et de produits intimes. Afin de pimenter votre exp\u00e9rience, soyez guid\u00e9s par <em>La Carte des plaisirs cach\u00e9s<\/em>&#8230; Profitez \u00e9galement de sa t\u00e9l\u00e9 et ses programmes \u00ab\u00a0adapt\u00e9s\u00a0\u00bb&#8230; <\/p>\n\n\n\n<p>    Descendez une marche, et d\u00e9couvrez notre espace baln\u00e9o enti\u00e8rement recouvert de pierre, aux lumi\u00e8res tamis\u00e9es, avec son spa rond 4 places, sa douche \u00e0 l&rsquo;italienne XXL \u00e9quip\u00e9e d&rsquo;un banc pour faire durer le plaisir&#8230;<\/p>\n\n\n\n<p class=\"has-text-align-center\">Au plaisir de vous accueillir prochainement dans notre Lodge \u00ab\u00a0L&rsquo;Onyx\u00a0\u00bb.<\/p>\n\n\n\n<figure class=\"wp-block-image aligncenter size-full is-resized\"><img loading=\"lazy\" decoding=\"async\" width=\"808\" height=\"806\" src=\"http:\/\/xn--soire-en-amoureux-etb.com\/wp-content\/uploads\/2024\/02\/logo-autre.png\" alt=\"\" class=\"wp-image-106\" style=\"width:179px;height:auto\" srcset=\"https:\/\/xn--soire-en-amoureux-etb.com\/wp-content\/uploads\/2024\/02\/logo-autre.png 808w, https:\/\/xn--soire-en-amoureux-etb.com\/wp-content\/uploads\/2024\/02\/logo-autre-300x300.png 300w, https:\/\/xn--soire-en-amoureux-etb.com\/wp-content\/uploads\/2024\/02\/logo-autre-150x150.png 150w, https:\/\/xn--soire-en-amoureux-etb.com\/wp-content\/uploads\/2024\/02\/logo-autre-768x766.png 768w\" sizes=\"auto, (max-width: 808px) 100vw, 808px\" \/><\/figure>\n\n\n\n<p class=\"has-text-align-right\"><strong>S&amp;G<\/strong><\/p>\n\n\n\n<p>  <\/p>\n","protected":false},"excerpt":{"rendered":"<p>L&rsquo;Onyx est un Lodge de 80m\u00b2 d&rsquo;int\u00e9rieur et d&rsquo;une terrasse am\u00e9nag\u00e9e de 30m\u00b2. Succombez \u00e0 la tentation et \u00e0 vos d\u00e9sirs charnels avec son style moderne et totalement v\u00eatu de noir qui vous fera voyager dans un autre univers&#8230; Entre spa, douche \u00e0 l&rsquo;italienne, jeux sensuels et croix de St-Andr\u00e9 ce Lodge est fait pour [&hellip;]<\/p>\n","protected":false},"author":1,"featured_media":0,"parent":0,"menu_order":2,"comment_status":"closed","ping_status":"closed","template":"","meta":{"footnotes":""},"class_list":["post-19","page","type-page","status-publish","hentry"],"_links":{"self":[{"href":"https:\/\/xn--soire-en-amoureux-etb.com\/index.php\/wp-json\/wp\/v2\/pages\/19","targetHints":{"allow":["GET"]}}],"collection":[{"href":"https:\/\/xn--soire-en-amoureux-etb.com\/index.php\/wp-json\/wp\/v2\/pages"}],"about":[{"href":"https:\/\/xn--soire-en-amoureux-etb.com\/index.php\/wp-json\/wp\/v2\/types\/page"}],"author":[{"embeddable":true,"href":"https:\/\/xn--soire-en-amoureux-etb.com\/index.php\/wp-json\/wp\/v2\/users\/1"}],"replies":[{"embeddable":true,"href":"https:\/\/xn--soire-en-amoureux-etb.com\/index.php\/wp-json\/wp\/v2\/comments?post=19"}],"version-history":[{"count":6,"href":"https:\/\/xn--soire-en-amoureux-etb.com\/index.php\/wp-json\/wp\/v2\/pages\/19\/revisions"}],"predecessor-version":[{"id":109,"href":"https:\/\/xn--soire-en-amoureux-etb.com\/index.php\/wp-json\/wp\/v2\/pages\/19\/revisions\/109"}],"wp:attachment":[{"href":"https:\/\/xn--soire-en-amoureux-etb.com\/index.php\/wp-json\/wp\/v2\/media?parent=19"}],"curies":[{"name":"wp","href":"https:\/\/api.w.org\/{rel}","templated":true}]}}