{"id":29,"date":"2024-01-31T18:30:20","date_gmt":"2024-01-31T17:30:20","guid":{"rendered":"https:\/\/xn--soire-en-amoureux-etb.com\/?page_id=29"},"modified":"2024-02-01T14:51:04","modified_gmt":"2024-02-01T13:51:04","slug":"a-savoir","status":"publish","type":"page","link":"https:\/\/xn--soire-en-amoureux-etb.com\/index.php\/a-savoir\/","title":{"rendered":"A savoir&#8230;"},"content":{"rendered":"\n<p>-Nous sommes situ\u00e9 \u00e0 3h30 de Paris, 1h20 de Caen, et 50min du Mont St-Michel.<\/p>\n\n\n\n<p>-Nous mettons \u00e0 votre disposition 2 v\u00e9los afin de traverser les 500 m\u00e8tres qui vous s\u00e9parent de notre magnifique plage Le Havre de la Vanl\u00e9e, appel\u00e9e \u00e9galement \u00ab\u00a0Le bout du monde\u00a0\u00bb. Vous pourrez vous ressourcez dans ce vrai paradis des nature lovers ou l&rsquo;air iod\u00e9 y est bien particulier. Respirez la mer \u00e0 plein poumon !<\/p>\n\n\n\n<p>-Chez <strong>J<\/strong>oyaux <strong>D<\/strong>es <strong>C<\/strong>ouples, c&rsquo;est petit d\u00e9jeuner compris !                                            1 nuit = 1 petit d\u00e9jeuner \/ 2 nuits = 2 petits d\u00e9jeuners !<\/p>\n\n\n\n<p>-D\u00e8s votre arriv\u00e9e, nous faisons un \u00e9tat des lieux rapide pour vous expliquer toutes les fonctionnalit\u00e9s de nos Lodges, faire l&rsquo;inventaire des articles (caves, jouets, etc&#8230;), et de vous faire signer le contrat. Afin que vous repartiez en toute tranquillit\u00e9, nous ne faisons pas d&rsquo;\u00e9tat des lieux de sortie, les clefs seront \u00e0 remettre dans la bo\u00eete \u00e0 clefs, et nous vous facturerons ce qui a \u00e9t\u00e9 consomm\u00e9 sur place durant votre s\u00e9jour.<\/p>\n\n\n\n<p>-Chez <strong>J<\/strong>oyaux <strong>D<\/strong>es <strong>C<\/strong>ouples nous fonctionnons sur un syst\u00e8me de confiance, nous aimons croire \u00e0 la bienveillance et au respect de nos clients. Le contrat que nous signons mutuellement \u00e0 votre arriv\u00e9e permet de poser noir sur blanc ce contrat de confiance, si vous ne le respectez pas, il y aura manquement au contrat donc des r\u00e9percussions&#8230;<\/p>\n\n\n\n<p>-En plus des multiples surprises que vous r\u00e9servent nos Lodges, vous trouverez uniquement sur place des jouets pour adultes, des produits d&rsquo;hygi\u00e8nes (fabriqu\u00e9s en Normandie), etc&#8230; plein de petits bonus qui pimenteront votre inoubliable exp\u00e9rience chez nous. Le prix est affich\u00e9 sur chaque produit, donc pensez \u00e0 avoir ce qu&rsquo;il faut sur vous pour pouvoir r\u00e9gler directement sur place.<\/p>\n\n\n\n<p>-Nos Lodges sont NON FUMEUR, c&rsquo;est pour cela que nous vous avons emm\u00e9nag\u00e9 un ext\u00e9rieur sans vis \u00e0 vis des plus coquet !<\/p>\n\n\n\n<p>-Parking priv\u00e9 pour chacun de nos Lodges.<\/p>\n\n\n\n<p>-L&rsquo;id\u00e9e \u00e9tant de vous retrouver en amoureux, les enfants ne sont bien \u00e9videmment pas autoris\u00e9s.<\/p>\n\n\n\n<p>-Nos Lodges sont climatis\u00e9s et\/ou chauff\u00e9s.<\/p>\n\n\n\n<p>-Afin de vous aider \u00e0 r\u00e9aliser vos demandes les plus folles, ou les plus particuli\u00e8res, contactez-nous par mail afin de voir ce qui peut \u00eatre fait, et d&rsquo;\u00e9tablir ensemble un devis sur mesure. Quand on aime on ne compte pas !<\/p>\n\n\n\n<p>-Chez <strong>J<\/strong>oyaux <strong>D<\/strong>es <strong>C<\/strong>ouples, votre intimit\u00e9 est notre priorit\u00e9. Vos Noms et coordonn\u00e9es resteront confidentiels. Ce qu&rsquo;il se passe dans le Lodge, reste dans le Lodge !!<\/p>\n\n\n\n<figure class=\"wp-block-image aligncenter size-full is-resized\"><img loading=\"lazy\" decoding=\"async\" width=\"808\" height=\"806\" src=\"http:\/\/xn--soire-en-amoureux-etb.com\/wp-content\/uploads\/2024\/02\/logo-autre.png\" alt=\"\" class=\"wp-image-106\" style=\"width:210px;height:auto\" srcset=\"https:\/\/xn--soire-en-amoureux-etb.com\/wp-content\/uploads\/2024\/02\/logo-autre.png 808w, https:\/\/xn--soire-en-amoureux-etb.com\/wp-content\/uploads\/2024\/02\/logo-autre-300x300.png 300w, https:\/\/xn--soire-en-amoureux-etb.com\/wp-content\/uploads\/2024\/02\/logo-autre-150x150.png 150w, https:\/\/xn--soire-en-amoureux-etb.com\/wp-content\/uploads\/2024\/02\/logo-autre-768x766.png 768w\" sizes=\"auto, (max-width: 808px) 100vw, 808px\" \/><\/figure>\n\n\n\n<p><\/p>\n\n\n\n<p><\/p>\n","protected":false},"excerpt":{"rendered":"<p>-Nous sommes situ\u00e9 \u00e0 3h30 de Paris, 1h20 de Caen, et 50min du Mont St-Michel. -Nous mettons \u00e0 votre disposition 2 v\u00e9los afin de traverser les 500 m\u00e8tres qui vous s\u00e9parent de notre magnifique plage Le Havre de la Vanl\u00e9e, appel\u00e9e \u00e9galement \u00ab\u00a0Le bout du monde\u00a0\u00bb. Vous pourrez vous ressourcez dans ce vrai paradis des [&hellip;]<\/p>\n","protected":false},"author":1,"featured_media":0,"parent":0,"menu_order":0,"comment_status":"closed","ping_status":"closed","template":"","meta":{"footnotes":""},"class_list":["post-29","page","type-page","status-publish","hentry"],"_links":{"self":[{"href":"https:\/\/xn--soire-en-amoureux-etb.com\/index.php\/wp-json\/wp\/v2\/pages\/29","targetHints":{"allow":["GET"]}}],"collection":[{"href":"https:\/\/xn--soire-en-amoureux-etb.com\/index.php\/wp-json\/wp\/v2\/pages"}],"about":[{"href":"https:\/\/xn--soire-en-amoureux-etb.com\/index.php\/wp-json\/wp\/v2\/types\/page"}],"author":[{"embeddable":true,"href":"https:\/\/xn--soire-en-amoureux-etb.com\/index.php\/wp-json\/wp\/v2\/users\/1"}],"replies":[{"embeddable":true,"href":"https:\/\/xn--soire-en-amoureux-etb.com\/index.php\/wp-json\/wp\/v2\/comments?post=29"}],"version-history":[{"count":9,"href":"https:\/\/xn--soire-en-amoureux-etb.com\/index.php\/wp-json\/wp\/v2\/pages\/29\/revisions"}],"predecessor-version":[{"id":110,"href":"https:\/\/xn--soire-en-amoureux-etb.com\/index.php\/wp-json\/wp\/v2\/pages\/29\/revisions\/110"}],"wp:attachment":[{"href":"https:\/\/xn--soire-en-amoureux-etb.com\/index.php\/wp-json\/wp\/v2\/media?parent=29"}],"curies":[{"name":"wp","href":"https:\/\/api.w.org\/{rel}","templated":true}]}}